{"id":94,"date":"2022-04-09T19:28:49","date_gmt":"2022-04-09T19:28:49","guid":{"rendered":"https:\/\/polskamisja.fr\/?page_id=94"},"modified":"2025-09-08T12:22:44","modified_gmt":"2025-09-08T10:22:44","slug":"program-katechezy","status":"publish","type":"page","link":"https:\/\/polskamisja.fr\/index.php\/program-katechezy\/","title":{"rendered":"Program katechezy"},"content":{"rendered":"\n<figure class=\"wp-block-image size-full is-resized\"><img loading=\"lazy\" decoding=\"async\" width=\"907\" height=\"288\" src=\"https:\/\/polskamisja.fr\/wp-content\/uploads\/2025\/09\/obraz_2025-09-03_204023779.png\" alt=\"\" class=\"wp-image-1933\" style=\"width:672px;height:auto\" srcset=\"https:\/\/polskamisja.fr\/wp-content\/uploads\/2025\/09\/obraz_2025-09-03_204023779.png 907w, https:\/\/polskamisja.fr\/wp-content\/uploads\/2025\/09\/obraz_2025-09-03_204023779-300x95.png 300w, https:\/\/polskamisja.fr\/wp-content\/uploads\/2025\/09\/obraz_2025-09-03_204023779-768x244.png 768w\" sizes=\"auto, (max-width: 767px) 89vw, (max-width: 1000px) 54vw, (max-width: 1071px) 543px, 580px\" \/><\/figure>\n\n\n\n<p><strong>ROK 2025\/2026<\/strong><\/p>\n\n\n\n<p>Aby <strong>doda\u0107 do kalendarza google<\/strong> jednym klikni\u0119ciem wszystkie katechezy i inne wydarzenia naszej parafii kliknij w <a href=\"https:\/\/calendar.google.com\/calendar\/u\/1?cid=ZDQ3ZjA1MzQzODJmNGQwNzU1ZjcyYTc4ZTUzYjk1MDZjOWZlZDM0OTY4MTYxZDM3YTMyZDk4YzljZGFiZDA4NEBncm91cC5jYWxlbmRhci5nb29nbGUuY29t\">LINK<\/a> <\/p>\n\n\n\n<p class=\"has-text-align-center\"><strong>Spotkania w ramach katechezy odbywaj\u0105 si\u0119 w niedziele w salce parafialnej w St Genis  (St Genis,&nbsp;8 rue du Bordeau) od godz. 15.45 do 17.30. <\/strong><\/p>\n\n\n\n<p><\/p>\n\n\n\n<p class=\"has-text-align-right\"><span><em style=\"font-weight: bold;\">Poszczeg\u00f3lne grupy katechetyczne: <\/em><\/span><\/p>\n\n\n\n<p class=\"has-text-align-right\"><em>najm\u0142odsze dzieci<\/em><\/p>\n\n\n\n<p class=\"has-text-align-right\"><em>przygotowanie do I Komunii \u015awi\u0119tej I i II rok<\/em><\/p>\n\n\n\n<p class=\"has-text-align-right\"><em>grupa pokomunijna<\/em><\/p>\n\n\n\n<p class=\"has-text-align-right\"><\/p>\n\n\n\n<p>7 wrze\u015bnia 2025 &#8211; w formie pikniku, (Adres: En Molie, Rue de Reculet 01710 Thoiry, <a href=\"https:\/\/maps.app.goo.gl\/NadczwiLwjWyU5Wu5\">kliknij<\/a>)<\/p>\n\n\n\n<p>5 pa\u017adziernika 2025<\/p>\n\n\n\n<p>23 listopada 2025<\/p>\n\n\n\n<p>14 grudnia 2025<\/p>\n\n\n\n<p>     (11 stycznia 2026 &#8211; spotkanie op\u0142atkowe wsp\u00f3lnoty polskiej, od 19h do 21h)<\/p>\n\n\n\n<p>25 stycznia 2026<\/p>\n\n\n\n<p>8 marca 2026<\/p>\n\n\n\n<p>29 marca 2026<\/p>\n\n\n\n<p>26 kwietnia 2026<\/p>\n\n\n\n<p>10 maja 2026<\/p>\n\n\n\n<p>14 czerwca 2026<\/p>\n\n\n\n<p>\ud83d\udcc5Je\u015bli chcesz jednym klikni\u0119ciem doda\u0107 wydarzenia naszej wsp\u00f3lnoty do kalendarza google kliknij <a href=\"https:\/\/calendar.google.com\/calendar\/u\/1?cid=ZDQ3ZjA1MzQzODJmNGQwNzU1ZjcyYTc4ZTUzYjk1MDZjOWZlZDM0OTY4MTYxZDM3YTMyZDk4YzljZGFiZDA4NEBncm91cC5jYWxlbmRhci5nb29nbGUuY29t\">tutaj <\/a>i dodaj kalendarz.  Je\u015bli napotykasz trudno\u015bci napisz maila polskamisjafr@gmail.com.<\/p>\n\n\n\n<p><\/p>\n","protected":false},"excerpt":{"rendered":"<p>ROK 2025\/2026 Aby doda\u0107 do kalendarza google jednym klikni\u0119ciem wszystkie katechezy i inne wydarzenia naszej parafii kliknij w LINK Spotkania w ramach katechezy odbywaj\u0105 si\u0119 w niedziele w salce parafialnej &hellip; <\/p>\n<p class=\"link-more\"><a href=\"https:\/\/polskamisja.fr\/index.php\/program-katechezy\/\" class=\"more-link\">Czytaj dalej<span class=\"screen-reader-text\"> \u201eProgram katechezy\u201d<\/span><\/a><\/p>\n","protected":false},"author":1,"featured_media":0,"parent":0,"menu_order":0,"comment_status":"closed","ping_status":"closed","template":"","meta":{"footnotes":""},"class_list":["post-94","page","type-page","status-publish","hentry"],"_links":{"self":[{"href":"https:\/\/polskamisja.fr\/index.php\/wp-json\/wp\/v2\/pages\/94","targetHints":{"allow":["GET"]}}],"collection":[{"href":"https:\/\/polskamisja.fr\/index.php\/wp-json\/wp\/v2\/pages"}],"about":[{"href":"https:\/\/polskamisja.fr\/index.php\/wp-json\/wp\/v2\/types\/page"}],"author":[{"embeddable":true,"href":"https:\/\/polskamisja.fr\/index.php\/wp-json\/wp\/v2\/users\/1"}],"replies":[{"embeddable":true,"href":"https:\/\/polskamisja.fr\/index.php\/wp-json\/wp\/v2\/comments?post=94"}],"version-history":[{"count":23,"href":"https:\/\/polskamisja.fr\/index.php\/wp-json\/wp\/v2\/pages\/94\/revisions"}],"predecessor-version":[{"id":1965,"href":"https:\/\/polskamisja.fr\/index.php\/wp-json\/wp\/v2\/pages\/94\/revisions\/1965"}],"wp:attachment":[{"href":"https:\/\/polskamisja.fr\/index.php\/wp-json\/wp\/v2\/media?parent=94"}],"curies":[{"name":"wp","href":"https:\/\/api.w.org\/{rel}","templated":true}]}}