{"id":92,"date":"2022-04-09T19:28:19","date_gmt":"2022-04-09T19:28:19","guid":{"rendered":"https:\/\/polskamisja.fr\/?page_id=92"},"modified":"2025-09-08T12:11:07","modified_gmt":"2025-09-08T10:11:07","slug":"katecheza","status":"publish","type":"page","link":"https:\/\/polskamisja.fr\/index.php\/katecheza\/","title":{"rendered":"PODSTAWOWE INFORMACJE I REGULAMIN KATECHEZY"},"content":{"rendered":"\n<p class=\"MsoNormal\"><span style=\"font-size:12.0pt;line-height:107%\">Dzi\u0119kuj\u0119<br>wszystkim Wam za pragnienie, aby Wasze dziecko \/ dzieci otrzyma\u0142y formacj\u0119<br>chrze\u015bcija\u0144sk\u0105 w ramach katechezy w o\u015brodku Polskiej Misji Katolickiej w St Genis-Pouilly.<\/span><span style=\"font-size:12.0pt;\nline-height:107%\">W naszej wsp\u00f3lnocie katecheza prowadzona jest dla:<br>\u2022 najm\u0142odszych dzieci (do 7-go roku \u017cycia)<br>\u2022 dzieci przygotowuj\u0105cych si\u0119 do przyj\u0119cia I Komunii \u015awi\u0119tej (od 7-go roku<br>\u017cycia);<br>obowi\u0105zuje dwuletni cykl przygotowania<br>\u2022 dzieci, kt\u00f3re s\u0105 po I Komunii \u015awi\u0119tej, a jeszcze przed Bierzmowaniem<br>\u2022 m\u0142odzie\u017cy przygotowuj\u0105cej si\u0119 do przyj\u0119cia sakramentu Bierzmowania (od 11-go<br>roku \u017cycia)<br>Wszelkie pytania je\u015bli chodzi o wiek i poziom katechetyczny mo\u017cna \u015bmia\u0142o<br>kierowa\u0107 do ks. Jana.<br>Kilka informacji praktycznych dotycz\u0105cych katechezy:<\/span><br><span style=\"font-size:12.0pt;\nline-height:107%\"><strong>1<\/strong>. Spotkania w ramach katechezy odbywaj\u0105 si\u0119 w niedziele w salce<br>para\ufb01alnej prz<\/span>y <span style=\"font-size:12.0pt;\nline-height:107%\">Kaplicy w St Genis Pouilly (8 rue du Bordeau) od godz. 15.45<br>do 17.30 (tak, aby mo\u017cna by\u0142o spokojnie zd\u0105\u017cy\u0107 na Msz\u0119\u015awi\u0119t\u0105 o godz. 18.00). W<br>czasie katechezy, kt\u00f3ra trwa \u0142\u0105cznie 1h 45min przewidziany jest czas na kr\u00f3tki<br>podwieczorek \u2013 przygotowywany przez dzieci.<\/span><\/p>\n\n\n\n<p><\/p>\n\n\n\n<p class=\"MsoNormal\"><b><span style=\"font-size:12.0pt;line-height:107%\">2<\/span><\/b><span style=\"font-size:\n12.0pt;line-height:107%\">. Z racji tego, \u017ce liczba spotka\u0144 przygotowuj\u0105cych do<br>przyj\u0119cia I Komunii \u015awi\u0119tej i&nbsp;&nbsp;&nbsp;&nbsp;&nbsp;&nbsp;&nbsp;&nbsp;&nbsp;&nbsp;&nbsp;&nbsp;&nbsp;&nbsp;&nbsp;&nbsp;&nbsp;&nbsp;&nbsp;&nbsp;&nbsp;&nbsp;&nbsp;&nbsp;&nbsp;&nbsp;&nbsp;&nbsp;&nbsp;&nbsp;&nbsp;&nbsp;&nbsp;&nbsp;&nbsp;&nbsp;&nbsp;&nbsp;&nbsp;&nbsp;&nbsp;&nbsp;&nbsp;&nbsp;&nbsp;&nbsp;&nbsp;&nbsp;&nbsp;&nbsp;&nbsp;&nbsp;&nbsp;&nbsp;&nbsp;&nbsp;<br>Bierzmowania jest niewielka, to opuszczenie wi\u0119cej ni\u017c 1 spotkania<br>formacyjnego zwi\u0105zane jest &nbsp;z potrzeb\u0105 przed\u0142u\u017cenia<br>przygotowania do Komunii \/ Bierzmowania o kolejny rok.<\/span><br><\/p>\n\n\n\n<p class=\"MsoNormal\"><b><span style=\"font-size:12.0pt;line-height:107%\">3<\/span><\/b><span style=\"font-size:\n12.0pt;line-height:107%\">. Obowi\u0105zuje harmonogram spotka\u0144 podany w zak\u0142adce \u2013<br>\u201eprogram katechezy\u201d. Spotkania odbywaj\u0105 si\u0119 \u015brednio raz w miesi\u0105cu (\u0142\u0105cznie 10<br>spotka\u0144 katechetycznych w roku formacyjnym).Dla przygotowuj\u0105cych si\u0119 do I<br>Komunii \u015awi\u0119tej i Sakramentu Bierzmowania s\u0105 jeszcze 4 dodatkowe spotkania<br>(szczeg\u00f3\u0142y zosta\u0142y podane w zak\u0142adce program katechezy).<\/span><\/p>\n\n\n\n<p class=\"MsoNormal\"><b><span style=\"font-size:12.0pt;line-height:107%\">4<\/span><\/b><span style=\"font-size:\n12.0pt;line-height:107%\">. Opr\u00f3cz spotka\u0144 formacyjnych katechizowani po I<br>Komunii \u015awi\u0119tej s\u0105 zaproszeni do uczestniczenia w nabo\u017ce\u0144stwach Pierwszego<br>Pi\u0105tku Miesi\u0105ca (w ka\u017cdy pierwszy pi\u0105tek miesi\u0105cao godz. 19.00 Spowied\u017a \u015awi\u0119ta;<br>20.00 Msza \u015awi\u0119ta a po niej Adoracja Naj\u015bwi\u0119tszegoSakramentu; wszystko w<br>kaplicy w St Genis).<\/span><\/p>\n\n\n\n<p class=\"MsoNormal\"><b><span style=\"font-size:12.0pt;line-height:107%\">5<\/span><\/b><span style=\"font-size:\n12.0pt;line-height:107%\">. Msza \u015awi\u0119ta niedzielna jest oczywi\u015bcie obowi\u0105zkiem<br>chrze\u015bcijanina (I Przykazanie Ko\u015bcielne:<\/span><\/p>\n\n\n\n<p class=\"MsoNormal\"><span style=\"font-size:12.0pt;line-height:107%\">\u201ew niedziel\u0119 i \u015bwi\u0119ta nakazane<br>uczestniczy\u0107 w Mszy \u015awi\u0119tej i powstrzymywa\u0107 si\u0119 od prac niekoniecznych\u201d), ale<br>te\u017c powinna by\u0107 najwi\u0119ksz\u0105 rado\u015bci\u0105 chrze\u015bcijanina. Niemo\u017cliwe jest przygotowanie<br>do przyj\u0119cia sakrament\u00f3w \u015bwi\u0119tych bez \u015bwi\u0119towania Dnia Pa\u0144skiego, czyli niedzieli.<br>Z Eucharystii mo\u017cemy czerpa\u0107 wszelkie \u0142aski i si\u0142y do realizowania powierzonych<br>nam zada\u0144 i obowi\u0105zk\u00f3w. Msza \u015awi\u0119ta to spotkanie wype\u0142nione mi\u0142o\u015bci\u0105 Boga do cz\u0142owieka<br>\u2013 On tak bardzo nas kocha i czeka na nas w Eucharystii.<\/span><\/p>\n\n\n\n<p class=\"MsoNormal\"><b><span style=\"font-size:12.0pt;line-height:107%\">6<\/span><\/b><span style=\"font-size:\n12.0pt;line-height:107%\">. O\ufb01ara zwi\u0105zana z uczestnictwem dziecka w katechezie:<br>\u2022 dla grupy najm\u0142odszych dzieci \/ I rok przygotowania do I Komunii \u015awi\u0119tej \/<br>dzieci po I Komunii \u015awi\u0119tej, to 45 euro + (5-20 euro) w ramach o\ufb01ary zwi\u0105zanej<br>z utrzymaniem diecezji ;<\/span><\/p>\n\n\n\n<p class=\"MsoNormal\"><span style=\"font-size:12.0pt;\nline-height:107%\">\u2022 dla grupy II roku przygotowania do I Komunii \u015awi\u0119tej to 80<br>euro, a dla przygotowuj\u0105cych si\u0119do bierzmowania to 100 euro + (5-20 euro) w<br>ramach o\ufb01ary zwi\u0105zanej z utrzymaniem diecezji<br>\u2022 o\ufb01ara w ramach grupy m\u0142odzie\u017cowej 45 euro<br>\u2022 o\ufb01ar\u0119 mo\u017cna z\u0142o\u017cy\u0107 u osoby odpowiedzialnej za zapisy na katechez\u0119.<\/span><\/p>\n\n\n\n<p class=\"MsoNormal\"><span style=\"font-size:12.0pt;\nline-height:107%\"><br><b>7<\/b>. W ramach przygotowania do sakramentu<br>bierzmowania organizowane s\u0105 obowi\u0105zkowe rekolekcje \u2013 terminy zostan\u0105 podane<br>ju\u017c nied\u0142ugo.<\/span><br><\/p>\n\n\n\n<p class=\"MsoNormal\"><b><span style=\"font-size:12.0pt;\nline-height:107%\">8<\/span><\/b><span style=\"font-size:12.0pt;line-height:107%\">.<br>Wyra\u017cam zgod\u0119 na robienie zdj\u0119\u0107 z r\u00f3\u017cnych wydarze\u0144 katechetycznych z<br>uczestnictwem mojego dziecka oraz na ewentualn\u0105 ich publikacj\u0119&nbsp; TAK\/ NIE<\/span><br><\/p>\n\n\n\n<p class=\"MsoNormal\"><b><span style=\"font-size:12.0pt;\nline-height:107%\">9<\/span><\/b><span style=\"font-size:12.0pt;line-height:107%\">.<br>Chc\u0119 do\u0142\u0105czy\u0107 do grupy Parafialnej na Signalu&nbsp;<br>TAK\/NIE<\/span><\/p>\n\n\n\n<p class=\"MsoNormal\">Aby dokona\u0107 zapisu nale\u017cy wype\u0142ni\u0107 formularz (<a href=\"https:\/\/docs.google.com\/forms\/d\/e\/1FAIpQLSeuAeGKrozosFO7bntRHII1De3OpAvmgQEkY4bNtgKgNy216Q\/viewform?usp=sharing&amp;ouid=109994896560504001351\">LINK<\/a>) oraz wp\u0142aci\u0107 ofiar\u0119 przewidzian\u0105 przez diecezj\u0119 i parafi\u0119 (przekazaniem zajmuje si\u0119 pani Iwona +33 7 66 46 90 02)<br><\/p>\n\n\n\n<p><\/p>\n","protected":false},"excerpt":{"rendered":"<p>Dzi\u0119kuj\u0119wszystkim Wam za pragnienie, aby Wasze dziecko \/ dzieci otrzyma\u0142y formacj\u0119chrze\u015bcija\u0144sk\u0105 w ramach katechezy w o\u015brodku Polskiej Misji Katolickiej w St Genis-Pouilly.W naszej wsp\u00f3lnocie katecheza prowadzona jest dla:\u2022 najm\u0142odszych dzieci &hellip; <\/p>\n<p class=\"link-more\"><a href=\"https:\/\/polskamisja.fr\/index.php\/katecheza\/\" class=\"more-link\">Czytaj dalej<span class=\"screen-reader-text\"> \u201ePODSTAWOWE INFORMACJE I REGULAMIN KATECHEZY\u201d<\/span><\/a><\/p>\n","protected":false},"author":1,"featured_media":0,"parent":0,"menu_order":0,"comment_status":"closed","ping_status":"closed","template":"","meta":{"footnotes":""},"class_list":["post-92","page","type-page","status-publish","hentry"],"_links":{"self":[{"href":"https:\/\/polskamisja.fr\/index.php\/wp-json\/wp\/v2\/pages\/92","targetHints":{"allow":["GET"]}}],"collection":[{"href":"https:\/\/polskamisja.fr\/index.php\/wp-json\/wp\/v2\/pages"}],"about":[{"href":"https:\/\/polskamisja.fr\/index.php\/wp-json\/wp\/v2\/types\/page"}],"author":[{"embeddable":true,"href":"https:\/\/polskamisja.fr\/index.php\/wp-json\/wp\/v2\/users\/1"}],"replies":[{"embeddable":true,"href":"https:\/\/polskamisja.fr\/index.php\/wp-json\/wp\/v2\/comments?post=92"}],"version-history":[{"count":18,"href":"https:\/\/polskamisja.fr\/index.php\/wp-json\/wp\/v2\/pages\/92\/revisions"}],"predecessor-version":[{"id":1960,"href":"https:\/\/polskamisja.fr\/index.php\/wp-json\/wp\/v2\/pages\/92\/revisions\/1960"}],"wp:attachment":[{"href":"https:\/\/polskamisja.fr\/index.php\/wp-json\/wp\/v2\/media?parent=92"}],"curies":[{"name":"wp","href":"https:\/\/api.w.org\/{rel}","templated":true}]}}