{"id":628,"date":"2022-09-21T10:35:28","date_gmt":"2022-09-21T08:35:28","guid":{"rendered":"https:\/\/polskamisja.fr\/?page_id=628"},"modified":"2022-09-30T10:53:51","modified_gmt":"2022-09-30T08:53:51","slug":"schola-liturgiczna","status":"publish","type":"page","link":"https:\/\/polskamisja.fr\/index.php\/schola-liturgiczna\/","title":{"rendered":"Schola liturgiczna"},"content":{"rendered":"\n<p class=\"has-text-align-center\">\u015awi\u0119ty Augustyn napisa\u0142 kiedy\u015b: \u201eTen kto \u015bpiewa, dwa razy si\u0119 modli\u201d.<\/p>\n\n\n\n<div class=\"wp-block-image\"><figure class=\"aligncenter size-full is-resized\"><img loading=\"lazy\" decoding=\"async\" src=\"https:\/\/polskamisja.fr\/wp-content\/uploads\/2022\/09\/saint-genis-pouilly.jpg\" alt=\"\" class=\"wp-image-760\" width=\"377\" height=\"377\" srcset=\"https:\/\/polskamisja.fr\/wp-content\/uploads\/2022\/09\/saint-genis-pouilly.jpg 500w, https:\/\/polskamisja.fr\/wp-content\/uploads\/2022\/09\/saint-genis-pouilly-300x300.jpg 300w, https:\/\/polskamisja.fr\/wp-content\/uploads\/2022\/09\/saint-genis-pouilly-150x150.jpg 150w, https:\/\/polskamisja.fr\/wp-content\/uploads\/2022\/09\/saint-genis-pouilly-100x100.jpg 100w\" sizes=\"auto, (max-width: 377px) 100vw, 377px\" \/><\/figure><\/div>\n\n\n\n<p>Wi\u0119kszo\u015b\u0107 ludzi, kt\u00f3rzy cho\u0107by raz uczestniczyli w Mszy \u015awi\u0119tej w naszej wsp\u00f3lnocie z rado\u015bci\u0105 przyzna: &#8222;\u015bpiew jest przepi\u0119kny&#8221;.<\/p>\n\n\n\n<p>Dzi\u0119kujemy Panu Bogu za tak dobr\u0105 i zgran\u0105 wsp\u00f3lnot\u0119 tworz\u0105c\u0105 nasz\u0105 schol\u0119 liturgiczn\u0105 odpowiedzialn\u0105 za \u015bpiew w czasie liturgii. <\/p>\n\n\n\n<p>Schola rozwija si\u0119 przez pr\u00f3by, kt\u00f3re og\u0142aszane s\u0105 przez Piotra drog\u0105 mailow\u0105. Natomiast wydarzeniem wyj\u0105tkowym pod wzgl\u0119dem muzycznym, jak i wsp\u00f3lnotowym i formacyjnym s\u0105 Warsztaty Muzyki Liturgicznej, kt\u00f3re w tym roku odb\u0119d\u0105 si\u0119 w dniach od 5-7 maja 2023 roku &#8211; szczeg\u00f3\u0142y pojawi\u0105 si\u0119 wkr\u00f3tce.<\/p>\n\n\n\n<p>Schola to oczywi\u015bcie wsp\u00f3lnota otwarta na nowych cz\u0142onk\u00f3w. Dlatego je\u015bli \u015bpiewasz lub grasz na jakim\u015b instrumencie &#8211; czekamy w\u0142a\u015bnie na Ciebie i zdecydowanie jeste\u015b nam potrzebny!<\/p>\n\n\n\n<p><strong>Co zrobi\u0107, aby w\u0142\u0105czy\u0107 si\u0119 w \u015bpiew \/ gr\u0119 na instrumentach w ramach scholi?<\/strong><\/p>\n\n\n\n<p>Wystarczy zg\u0142osi\u0107 si\u0119 do odpowiedzialnego za muzyk\u0119 w naszej wsp\u00f3lnocie, czyli do Piotra lub podej\u015b\u0107 do ksi\u0119dza.  <\/p>\n","protected":false},"excerpt":{"rendered":"<p>\u015awi\u0119ty Augustyn napisa\u0142 kiedy\u015b: \u201eTen kto \u015bpiewa, dwa razy si\u0119 modli\u201d. Wi\u0119kszo\u015b\u0107 ludzi, kt\u00f3rzy cho\u0107by raz uczestniczyli w Mszy \u015awi\u0119tej w naszej wsp\u00f3lnocie z rado\u015bci\u0105 przyzna: &#8222;\u015bpiew jest przepi\u0119kny&#8221;. Dzi\u0119kujemy &hellip; <\/p>\n<p class=\"link-more\"><a href=\"https:\/\/polskamisja.fr\/index.php\/schola-liturgiczna\/\" class=\"more-link\">Czytaj dalej<span class=\"screen-reader-text\"> \u201eSchola liturgiczna\u201d<\/span><\/a><\/p>\n","protected":false},"author":5,"featured_media":0,"parent":0,"menu_order":0,"comment_status":"closed","ping_status":"closed","template":"","meta":{"footnotes":""},"class_list":["post-628","page","type-page","status-publish","hentry"],"_links":{"self":[{"href":"https:\/\/polskamisja.fr\/index.php\/wp-json\/wp\/v2\/pages\/628","targetHints":{"allow":["GET"]}}],"collection":[{"href":"https:\/\/polskamisja.fr\/index.php\/wp-json\/wp\/v2\/pages"}],"about":[{"href":"https:\/\/polskamisja.fr\/index.php\/wp-json\/wp\/v2\/types\/page"}],"author":[{"embeddable":true,"href":"https:\/\/polskamisja.fr\/index.php\/wp-json\/wp\/v2\/users\/5"}],"replies":[{"embeddable":true,"href":"https:\/\/polskamisja.fr\/index.php\/wp-json\/wp\/v2\/comments?post=628"}],"version-history":[{"count":4,"href":"https:\/\/polskamisja.fr\/index.php\/wp-json\/wp\/v2\/pages\/628\/revisions"}],"predecessor-version":[{"id":804,"href":"https:\/\/polskamisja.fr\/index.php\/wp-json\/wp\/v2\/pages\/628\/revisions\/804"}],"wp:attachment":[{"href":"https:\/\/polskamisja.fr\/index.php\/wp-json\/wp\/v2\/media?parent=628"}],"curies":[{"name":"wp","href":"https:\/\/api.w.org\/{rel}","templated":true}]}}