{"id":218,"date":"2022-04-12T21:11:07","date_gmt":"2022-04-12T21:11:07","guid":{"rendered":"https:\/\/polskamisja.fr\/?page_id=218"},"modified":"2022-09-22T10:01:36","modified_gmt":"2022-09-22T08:01:36","slug":"sakrament-malzenstwa","status":"publish","type":"page","link":"https:\/\/polskamisja.fr\/index.php\/sakrament-malzenstwa\/","title":{"rendered":"Sakrament ma\u0142\u017ce\u0144stwa"},"content":{"rendered":"\n<p><em>\u201eI rzek\u0142: Dlatego opu\u015bci cz\u0142owiek ojca i matk\u0119 i z\u0142\u0105czy si\u0119 ze swoj\u0105 \u017con\u0105, i b\u0119d\u0105 oboje jednym cia\u0142em. A tak ju\u017c nie s\u0105 dwoje, lecz jedno cia\u0142o. Co wi\u0119c\u00a0B\u00f3g z\u0142\u0105czy\u0142, niech cz\u0142owiek nie rozdziela\u00bb\u201d<\/em>\u00a0(Mt 19, 3-6)<\/p>\n\n\n\n<div class=\"wp-block-image\"><figure class=\"aligncenter size-full is-resized\"><img loading=\"lazy\" decoding=\"async\" src=\"https:\/\/polskamisja.fr\/wp-content\/uploads\/2022\/09\/900x500_sakrament-malzenstwa-polska-parafia-chrystusa-krola-londyn-balham-2.jpg\" alt=\"\" class=\"wp-image-731\" width=\"624\" height=\"346\" srcset=\"https:\/\/polskamisja.fr\/wp-content\/uploads\/2022\/09\/900x500_sakrament-malzenstwa-polska-parafia-chrystusa-krola-londyn-balham-2.jpg 900w, https:\/\/polskamisja.fr\/wp-content\/uploads\/2022\/09\/900x500_sakrament-malzenstwa-polska-parafia-chrystusa-krola-londyn-balham-2-300x167.jpg 300w, https:\/\/polskamisja.fr\/wp-content\/uploads\/2022\/09\/900x500_sakrament-malzenstwa-polska-parafia-chrystusa-krola-londyn-balham-2-768x427.jpg 768w\" sizes=\"auto, (max-width: 624px) 100vw, 624px\" \/><\/figure><\/div>\n\n\n\n<p>Zapraszam wszystkich narzeczonych, kt\u00f3rzy chcieliby przygotowywa\u0107 si\u0119 do przyj\u0119cia sakramentu ma\u0142\u017ce\u0144stwa(nawet je\u015bli \u015blub planowany jest w innej parafii, a nawet kraju). Mo\u017cliwe jest przygotowywanie si\u0119 tutaj we Francji w St Genis-Pouilly. Zapraszam na spotkanie po wcze\u015bniejszym\u00a0<a href=\"https:\/\/polskamisja.fr\/index.php\/kontakt\/\">kontakcie<\/a>.<\/p>\n","protected":false},"excerpt":{"rendered":"<p>\u201eI rzek\u0142: Dlatego opu\u015bci cz\u0142owiek ojca i matk\u0119 i z\u0142\u0105czy si\u0119 ze swoj\u0105 \u017con\u0105, i b\u0119d\u0105 oboje jednym cia\u0142em. A tak ju\u017c nie s\u0105 dwoje, lecz jedno cia\u0142o. Co wi\u0119c\u00a0B\u00f3g &hellip; <\/p>\n<p class=\"link-more\"><a href=\"https:\/\/polskamisja.fr\/index.php\/sakrament-malzenstwa\/\" class=\"more-link\">Czytaj dalej<span class=\"screen-reader-text\"> \u201eSakrament ma\u0142\u017ce\u0144stwa\u201d<\/span><\/a><\/p>\n","protected":false},"author":1,"featured_media":0,"parent":0,"menu_order":0,"comment_status":"closed","ping_status":"closed","template":"","meta":{"footnotes":""},"class_list":["post-218","page","type-page","status-publish","hentry"],"_links":{"self":[{"href":"https:\/\/polskamisja.fr\/index.php\/wp-json\/wp\/v2\/pages\/218","targetHints":{"allow":["GET"]}}],"collection":[{"href":"https:\/\/polskamisja.fr\/index.php\/wp-json\/wp\/v2\/pages"}],"about":[{"href":"https:\/\/polskamisja.fr\/index.php\/wp-json\/wp\/v2\/types\/page"}],"author":[{"embeddable":true,"href":"https:\/\/polskamisja.fr\/index.php\/wp-json\/wp\/v2\/users\/1"}],"replies":[{"embeddable":true,"href":"https:\/\/polskamisja.fr\/index.php\/wp-json\/wp\/v2\/comments?post=218"}],"version-history":[{"count":3,"href":"https:\/\/polskamisja.fr\/index.php\/wp-json\/wp\/v2\/pages\/218\/revisions"}],"predecessor-version":[{"id":732,"href":"https:\/\/polskamisja.fr\/index.php\/wp-json\/wp\/v2\/pages\/218\/revisions\/732"}],"wp:attachment":[{"href":"https:\/\/polskamisja.fr\/index.php\/wp-json\/wp\/v2\/media?parent=218"}],"curies":[{"name":"wp","href":"https:\/\/api.w.org\/{rel}","templated":true}]}}