{"id":2,"date":"2021-12-27T11:34:33","date_gmt":"2021-12-27T11:34:33","guid":{"rendered":"http:\/\/polskamisja.fr\/?page_id=2"},"modified":"2024-09-23T22:05:57","modified_gmt":"2024-09-23T20:05:57","slug":"kontakt","status":"publish","type":"page","link":"https:\/\/polskamisja.fr\/index.php\/kontakt\/","title":{"rendered":"Dane kontaktowe"},"content":{"rendered":"\n<p class=\"has-text-align-left\"><strong>Ks. Jan Dziedzina<\/strong><\/p>\n\n\n\n<p>+33 6 63 22 48 91 (Signal + Whatsapp)<br>messenger (Jan Dziedzina)<br>email:&nbsp;polskamisjafr@gmail.com<\/p>\n\n\n\n<p><strong>Rada wsp\u00f3lnoty <\/strong><\/p>\n\n\n\n<figure class=\"wp-block-image size-full is-resized\"><img loading=\"lazy\" decoding=\"async\" width=\"897\" height=\"41\" src=\"https:\/\/polskamisja.fr\/wp-content\/uploads\/2024\/09\/image.png\" alt=\"\" class=\"wp-image-1568\" style=\"width:674px;height:auto\" srcset=\"https:\/\/polskamisja.fr\/wp-content\/uploads\/2024\/09\/image.png 897w, https:\/\/polskamisja.fr\/wp-content\/uploads\/2024\/09\/image-300x14.png 300w, https:\/\/polskamisja.fr\/wp-content\/uploads\/2024\/09\/image-768x35.png 768w\" sizes=\"auto, (max-width: 767px) 89vw, (max-width: 1000px) 54vw, (max-width: 1071px) 543px, 580px\" \/><\/figure>\n\n\n\n<p><strong>Adres:<\/strong><\/p>\n\n\n\n<p><strong>a) Adres plebanii oraz miejsca katechezy i kaplicy: <\/strong><\/p>\n\n\n\n<p>Maison Paroissial de Saint-Genis-Pouilly<\/p>\n\n\n\n<p>6 rue du Bordeau, 01630 Saint-Genis-Pouilly<\/p>\n\n\n\n<p><\/p>\n\n\n\n<p><strong>b) Adres niedzielnej Eucharystii w j\u0119zyku polskim (godz. 18.00) <\/strong><\/p>\n\n\n\n<p>Ko\u015bci\u00f3\u0142 \u015aw. Piotra de Pouilly<\/p>\n\n\n\n<p>25 Rue de l&#8217;\u00c9glise, 01630 Saint-Genis-Pouilly<\/p>\n","protected":false},"excerpt":{"rendered":"<p>Ks. Jan Dziedzina +33 6 63 22 48 91 (Signal + Whatsapp)messenger (Jan Dziedzina)email:&nbsp;polskamisjafr@gmail.com Rada wsp\u00f3lnoty Adres: a) Adres plebanii oraz miejsca katechezy i kaplicy: Maison Paroissial de Saint-Genis-Pouilly 6 &hellip; <\/p>\n<p class=\"link-more\"><a href=\"https:\/\/polskamisja.fr\/index.php\/kontakt\/\" class=\"more-link\">Czytaj dalej<span class=\"screen-reader-text\"> \u201eDane kontaktowe\u201d<\/span><\/a><\/p>\n","protected":false},"author":1,"featured_media":0,"parent":0,"menu_order":0,"comment_status":"closed","ping_status":"open","template":"","meta":{"footnotes":""},"class_list":["post-2","page","type-page","status-publish","hentry"],"_links":{"self":[{"href":"https:\/\/polskamisja.fr\/index.php\/wp-json\/wp\/v2\/pages\/2","targetHints":{"allow":["GET"]}}],"collection":[{"href":"https:\/\/polskamisja.fr\/index.php\/wp-json\/wp\/v2\/pages"}],"about":[{"href":"https:\/\/polskamisja.fr\/index.php\/wp-json\/wp\/v2\/types\/page"}],"author":[{"embeddable":true,"href":"https:\/\/polskamisja.fr\/index.php\/wp-json\/wp\/v2\/users\/1"}],"replies":[{"embeddable":true,"href":"https:\/\/polskamisja.fr\/index.php\/wp-json\/wp\/v2\/comments?post=2"}],"version-history":[{"count":12,"href":"https:\/\/polskamisja.fr\/index.php\/wp-json\/wp\/v2\/pages\/2\/revisions"}],"predecessor-version":[{"id":1569,"href":"https:\/\/polskamisja.fr\/index.php\/wp-json\/wp\/v2\/pages\/2\/revisions\/1569"}],"wp:attachment":[{"href":"https:\/\/polskamisja.fr\/index.php\/wp-json\/wp\/v2\/media?parent=2"}],"curies":[{"name":"wp","href":"https:\/\/api.w.org\/{rel}","templated":true}]}}