{"id":1267,"date":"2023-09-25T10:16:48","date_gmt":"2023-09-25T08:16:48","guid":{"rendered":"https:\/\/polskamisja.fr\/?page_id=1267"},"modified":"2023-09-25T10:18:09","modified_gmt":"2023-09-25T08:18:09","slug":"program-2023-2024","status":"publish","type":"page","link":"https:\/\/polskamisja.fr\/index.php\/program-2023-2024\/","title":{"rendered":"Program 2023\/2024"},"content":{"rendered":"\n<p><strong>Spotkania w ramach programu New Pastoral\u00a0<\/strong><\/p>\n\n\n\n<p><strong>O co chodzi?<\/strong> Korzystamy z programu <a href=\"https:\/\/newpastoral.net\/\">https:\/\/newpastoral.net\/<\/a><\/p>\n\n\n\n<p>Spotykacie si\u0119, aby by\u0107 razem i wsp\u00f3lnie zastanawia\u0107 si\u0119 nad pytaniami, kt\u00f3re z pewno\u015bci\u0105 nurtuj\u0105 ka\u017cdego z nas. Zaczynamy od 6 wa\u017cnych pyta\u0144 dotycz\u0105cych sensu \u017cycia, cierpienia, zainteresowania Boga nami, przebaczenia itp. <a href=\"https:\/\/newpastoral.net\/spotkania\">https:\/\/newpastoral.net\/spotkania<\/a><\/p>\n\n\n\n<p><strong>Gdzie?<\/strong> <\/p>\n\n\n\n<p>W Waszych domach<\/p>\n\n\n\n<p><strong>Kiedy?<\/strong> <\/p>\n\n\n\n<p>Raz w miesi\u0105cu: 20.10, 17.11, 15.12, 19.01, 16.02, 15.03, 12.04, 24.05, 14.06<br>19.30-21 (p\u00f3\u0142torej godziny)<\/p>\n\n\n\n<p><strong>Odpowiedzialni za spotkania?<\/strong> <\/p>\n\n\n\n<p>WY! Gospodarz spotkania oraz liderzy 6-osobowych grup szczeg\u00f3lnie dbaj\u0105 o dobry przebieg spotka\u0144 i o pilnowanie czasu.<\/p>\n\n\n\n<p><strong>Przebieg spotkania:<\/strong> <\/p>\n\n\n\n<p>(20 min) przywitanie i ma\u0142y pocz\u0119stunek<\/p>\n\n\n\n<p>(10 min) film: znana w Polsce osoba opowiada o swoim do\u015bwiadczeniu (wcze\u015bniej gospodarz czyta kr\u00f3tki jej biogram)<\/p>\n\n\n\n<p>(40 min) dyskusja w 6-osobowych grupach&nbsp;<\/p>\n\n\n\n<p>(5 min) odczytanie tekst\u00f3w biblijnych (gospodarz)<\/p>\n\n\n\n<p>(3 min) cisza\/osobista medytacja<\/p>\n\n\n\n<p>modlitwa<\/p>\n\n\n\n<p>rozej\u015bcie si\u0119<\/p>\n\n\n\n<p><strong>Warunek uczestnictwa? <\/strong><\/p>\n\n\n\n<p>Wa\u017cne, aby po podj\u0119ciu zobowi\u0105zania uczestniczy\u0107 we wszystkich spotkaniach.<br>Spotkania s\u0105 dla wszystkich ch\u0119tnych. S\u0105 one r\u00f3wnie\u017c dla Waszych przyjaci\u00f3\u0142 i znajomych spoza ko\u015bcio\u0142a. Zach\u0119cajcie ich!<\/p>\n\n\n\n<p><strong>Co\u015b ekstra <\/strong>Chcieliby\u015bmy zaprosi\u0107 do Saint Genis jednego z bohater\u00f3w filmik\u00f3w: <strong>Janka Mel\u0119<\/strong>, kt\u00f3ry jest najm\u0142odszym i jednocze\u015bnie pierwszym niepe\u0142nosprawnym zdobywc\u0105 obu biegun\u00f3w. Mia\u0142 zaledwie 13 lat, gdy straci\u0142 lewe podudzie i prawe rami\u0119 wskutek pora\u017cenia pr\u0105dem w niezabezpieczonej stacji transformatorowej. Prze\u017cyta tragedia i cierpienie nie odebra\u0142y mu wiary w sens \u017cycia. Jest pogodnym, ciekawym \u015bwiata, m\u0142odym cz\u0142owiekiem. \u017byje z pasj\u0105, du\u017co podr\u00f3\u017cuje, kieruje fundacj\u0105 \u201ePoza Horyzonty\u201d, nie obawia si\u0119 podejmowa\u0107 nowych wyzwa\u0144.<\/p>\n\n\n\n<p><strong>Pozosta\u0142e aktywno\u015bci grupy ! UWAGA ZMIANY !<\/strong><\/p>\n\n\n\n<p><strong>Co robimy?<\/strong> Kontynuujemy wydarzenia z zesz\u0142ego roku, jeste\u015bmy otwarci na Wasze nowe propozycje<\/p>\n\n\n\n<p><strong>Kto organizuje?<\/strong> WY!&nbsp;<\/p>\n\n\n\n<p>&#8211; \u017beby jakie\u015b wydarzenie mog\u0142o zaistnie\u0107 potrzebujemy 3 lider\u00f3w grupy<\/p>\n\n\n\n<p>&#8211; 3 liderzy grupy wsp\u00f3lnie ustalaj\u0105 plan wydarzenia (co, gdzie, kiedy i jak?) oraz podzia\u0142 obowi\u0105zk\u00f3w mi\u0119dzy sob\u0105.<\/p>\n\n\n\n<p>Liderzy grupy s\u0105 odpowiedzialni za sprawn\u0105 organizacj\u0119 wydarzenia, w kt\u00f3rym uczestniczy ca\u0142a grupa m\u0142odzie\u017cowa i je\u015bli trzeba wszyscy pomagamy w organizacji wydarzenia wed\u0142ug wskaz\u00f3wek lider\u00f3w.<\/p>\n\n\n\n<p><strong>!! <\/strong>Warunkiem uczestnictwa w grupie m\u0142odzie\u017cowej jest zaanga\u017cowanie si\u0119 jako lider w przynajmniej jedn\u0105 grup\u0119<\/p>\n\n\n\n<p><strong>Wa\u017cne daty<\/strong><\/p>\n\n\n\n<p>1.10 \u2013 ostateczny termin zg\u0142aszania si\u0119 jako liderzy grup\u00a0<\/p>\n\n\n\n<p>15.10 \u2013 przedstawienie programu grupy przez lider\u00f3w na pi\u015bmie (przynajmniej szkic i pierwsze pomys\u0142y, podzia\u0142 obowi\u0105zk\u00f3w pomi\u0119dzy trzema liderami, najlepiej na ca\u0142y rok.)&nbsp;<\/p>\n\n\n\n<p><strong>! <\/strong>Progamy wysy\u0142amy do Ksi\u0119dza Wojtka wwwojtek126@gmail.com i Kasi Matul kalimatul@gmail.com<\/p>\n\n\n\n<p>21.10 \u2013 Og\u0142oszenie na grupie whatsappowej grup, lider\u00f3w oraz szczeg\u00f3\u0142owego programu grup na ca\u0142y rok<br><\/p>\n\n\n\n<p><strong>Grupy:<\/strong><\/p>\n\n\n\n<p><strong>Animowanie Mszy \u015awi\u0119tych&nbsp;<\/strong><\/p>\n\n\n\n<p>odpowiedzialni: 1\u2026, 2\u2026, 3\u2026 (w razie problem\u00f3w: Arek Jurczak)<\/p>\n\n\n\n<p>Wybranie dat i og\u0142oszenie wszystkim<\/p>\n\n\n\n<p>Przygotowanie czyta\u0144, Psalmu, modlitwy wiernych<\/p>\n\n\n\n<p>Zaanga\u017cowanie ludzi z grupy m\u0142odzie\u017cowej do czyta\u0144<\/p>\n\n\n\n<p>Przypominajki na grupie whatsappowej<\/p>\n\n\n\n<p>Itp.<\/p>\n\n\n\n<p><strong>Animowanie Pierwszych pi\u0105tk\u00f3w miesi\u0105ca<\/strong>&nbsp;<\/p>\n\n\n\n<p>odpowiedzialni: 1. Zuzia J., 2\u2026, 3\u2026 (w razie problem\u00f3w: Ks. Wojtek)<\/p>\n\n\n\n<p>Wybranie dat i og\u0142oszenie wszystkim<\/p>\n\n\n\n<p>Przygotowanie rozwa\u017ca\u0144<\/p>\n\n\n\n<p>Zaanga\u017cowanie ludzi z grupy m\u0142odzie\u017cowej do czyta\u0144, do gry i \u015bpiewu<\/p>\n\n\n\n<p>Przypominajki na grupie whatsappowej<\/p>\n\n\n\n<p>Itp.<\/p>\n\n\n\n<p><strong>Modlitewne SOS<\/strong><strong>&nbsp;<\/strong><\/p>\n\n\n\n<p>odpowiedzialni: 1. Dominika, 2\u2026, 3\u2026 (w razie problem\u00f3w: Kasia)<\/p>\n\n\n\n<p>Comiesi\u0119czna przypominajka na grupie whatsappowej<\/p>\n\n\n\n<p>Mo\u017ce jakie\u015b spotkanie\/wyjazd grupy?&nbsp;<\/p>\n\n\n\n<p>Inne pomys\u0142y na przyk\u0142ad na \u201erozreklamowanie\u201d Modlitewnego SOS<\/p>\n\n\n\n<p>Itp.<\/p>\n\n\n\n<p><strong>Wycieczki\/\u017cagle\/wyj\u015bcia\/wieczory filmowe<\/strong><\/p>\n\n\n\n<p>odpowiedzialni: 1\u2026, 2\u2026, 3\u2026 (w razie problem\u00f3w: Kasia i Ks. Wojtek)<\/p>\n\n\n\n<p>Pomys\u0142y na wyj\u015bcia, wyjazdy<\/p>\n\n\n\n<p>Wybranie dat<\/p>\n\n\n\n<p>Organizacja<\/p>\n\n\n\n<p>Przypominajki na grupie whatsappowej<\/p>\n\n\n\n<p>Itp.<\/p>\n\n\n\n<p><strong>\u201eDziennikarz\u201d<\/strong><\/p>\n\n\n\n<p>odpowiedzialni: 1\u2026, 2\u2026, 3\u2026 (w razie problem\u00f3w: Kasia)<\/p>\n\n\n\n<p>Robienie zdj\u0119\u0107 na wyjazdach<\/p>\n\n\n\n<p>Pisanie kr\u00f3tkich tekst\u00f3w na stron\u0119 www<\/p>\n\n\n\n<p>Itp.<\/p>\n\n\n\n<p><strong>Jedzenie na spotkania i wyjazdy<\/strong><\/p>\n\n\n\n<p>odpowiedzialni: 1\u2026, 2\u2026, 3\u2026 (w razie problem\u00f3w: Ksi\u0105dz Wojtek)<\/p>\n\n\n\n<p>Ustalanie menu&nbsp;<\/p>\n\n\n\n<p>Robienie zakup\u00f3w<\/p>\n\n\n\n<p>Itp.<\/p>\n\n\n\n<p><strong>Akcje charytatywne<\/strong><\/p>\n\n\n\n<p>odpowiedzialni: 1\u2026, 2\u2026, 3\u2026 (w razie problem\u00f3w: Kasia, Arek)<\/p>\n\n\n\n<p>Znalezienie os\u00f3b, fundacji itp., kt\u00f3rym chcemy pomaga\u0107 (w Polsce, Ukrainie, Republice \u015arodkowej Afryki??)<\/p>\n\n\n\n<p>Pomys\u0142y na zbi\u00f3rk\u0119 pieni\u0119dzy (np. sprzeda\u017c ciast po Mszy)<\/p>\n\n\n\n<p>Przypominajki na grupie whatsappowej<\/p>\n\n\n\n<p>Itp.<\/p>\n\n\n\n<p><strong>Wyjazdy&nbsp;<\/strong><\/p>\n\n\n\n<p><strong>Taiz\u00e9&nbsp;<\/strong><\/p>\n\n\n\n<p><strong>Kiedy?<\/strong> 22-29 pa\u017adziernika<\/p>\n\n\n\n<p><strong>Kto? <\/strong>15-17 lat:Dominika, Micha\u0142, Alex, Ewa, Olivier, Mateusz?<\/p>\n\n\n\n<p><strong>! <\/strong>Szukamy rodzic\u00f3w ch\u0119tnych do przewiezienia m\u0142odzie\u017cy samochodem do i z Taiz\u00e9<\/p>\n\n\n\n<p><strong>Niestety wyjazd do Lizbony i Fatimy musia\u0142 zosta\u0107 anulowany z powodu wysokich koszt\u00f3w. Planujemy inne miejsce: <em>Cinque Terre&nbsp;<\/em><\/strong><\/p>\n\n\n\n<p><strong>Kiedy?<\/strong> 8-12 maja<\/p>\n\n\n\n<p>Wi\u0119cej informacji wkr\u00f3tce<\/p>\n","protected":false},"excerpt":{"rendered":"<p>Spotkania w ramach programu New Pastoral\u00a0 O co chodzi? Korzystamy z programu https:\/\/newpastoral.net\/ Spotykacie si\u0119, aby by\u0107 razem i wsp\u00f3lnie zastanawia\u0107 si\u0119 nad pytaniami, kt\u00f3re z pewno\u015bci\u0105 nurtuj\u0105 ka\u017cdego z &hellip; <\/p>\n<p class=\"link-more\"><a href=\"https:\/\/polskamisja.fr\/index.php\/program-2023-2024\/\" class=\"more-link\">Czytaj dalej<span class=\"screen-reader-text\"> \u201eProgram 2023\/2024\u201d<\/span><\/a><\/p>\n","protected":false},"author":5,"featured_media":0,"parent":0,"menu_order":0,"comment_status":"closed","ping_status":"closed","template":"","meta":{"footnotes":""},"class_list":["post-1267","page","type-page","status-publish","hentry"],"_links":{"self":[{"href":"https:\/\/polskamisja.fr\/index.php\/wp-json\/wp\/v2\/pages\/1267","targetHints":{"allow":["GET"]}}],"collection":[{"href":"https:\/\/polskamisja.fr\/index.php\/wp-json\/wp\/v2\/pages"}],"about":[{"href":"https:\/\/polskamisja.fr\/index.php\/wp-json\/wp\/v2\/types\/page"}],"author":[{"embeddable":true,"href":"https:\/\/polskamisja.fr\/index.php\/wp-json\/wp\/v2\/users\/5"}],"replies":[{"embeddable":true,"href":"https:\/\/polskamisja.fr\/index.php\/wp-json\/wp\/v2\/comments?post=1267"}],"version-history":[{"count":2,"href":"https:\/\/polskamisja.fr\/index.php\/wp-json\/wp\/v2\/pages\/1267\/revisions"}],"predecessor-version":[{"id":1270,"href":"https:\/\/polskamisja.fr\/index.php\/wp-json\/wp\/v2\/pages\/1267\/revisions\/1270"}],"wp:attachment":[{"href":"https:\/\/polskamisja.fr\/index.php\/wp-json\/wp\/v2\/media?parent=1267"}],"curies":[{"name":"wp","href":"https:\/\/api.w.org\/{rel}","templated":true}]}}