{"id":1023,"date":"2023-02-05T12:53:53","date_gmt":"2023-02-05T10:53:53","guid":{"rendered":"https:\/\/polskamisja.fr\/?page_id=1023"},"modified":"2023-02-06T14:56:53","modified_gmt":"2023-02-06T12:56:53","slug":"informacje-podstawowe","status":"publish","type":"page","link":"https:\/\/polskamisja.fr\/index.php\/informacje-podstawowe\/","title":{"rendered":"Informacje podstawowe"},"content":{"rendered":"\n<p>Warsztaty Muzyki Liturgicznej maj\u0105 na celu zgromadzenie pasjonat\u00f3w muzyki, amator\u00f3w oraz os\u00f3b z do\u015bwiadczeniem, wok\u00f3\u0142 warto\u015bciowego materia\u0142u muzycznego zakorzenionego w to\u017csamo\u015bci i kulturze uczestnik\u00f3w.<\/p>\n\n\n\n<p>Warsztaty Muzyki Liturgicznej to doskonalenie techniki \u015bpiewu, praca nad emisj\u0105 g\u0142osu, nad dykcj\u0105, ale nade wszystko to do\u015bwiadczenie wsp\u00f3lnej modlitwy \u015bpiewem, do\u015bwiadczenie rado\u015bci ze wsp\u00f3lnego muzykowania.<\/p>\n\n\n\n<p class=\"has-text-align-left\">Warsztaty to r\u00f3wnie\u017c forma rekolekcji, kt\u00f3re prze\u017cywamy wraz z kompozytorami.<\/p>\n\n\n\n<div class=\"wp-block-image\"><figure class=\"aligncenter size-large is-resized\"><img loading=\"lazy\" decoding=\"async\" src=\"https:\/\/polskamisja.fr\/wp-content\/uploads\/2023\/02\/Projekt-bez-tytulu-2-724x1024.jpg\" alt=\"\" class=\"wp-image-1115\" width=\"434\" height=\"613\" srcset=\"https:\/\/polskamisja.fr\/wp-content\/uploads\/2023\/02\/Projekt-bez-tytulu-2-724x1024.jpg 724w, https:\/\/polskamisja.fr\/wp-content\/uploads\/2023\/02\/Projekt-bez-tytulu-2-212x300.jpg 212w, https:\/\/polskamisja.fr\/wp-content\/uploads\/2023\/02\/Projekt-bez-tytulu-2-768x1086.jpg 768w, https:\/\/polskamisja.fr\/wp-content\/uploads\/2023\/02\/Projekt-bez-tytulu-2-1086x1536.jpg 1086w, https:\/\/polskamisja.fr\/wp-content\/uploads\/2023\/02\/Projekt-bez-tytulu-2-1448x2048.jpg 1448w, https:\/\/polskamisja.fr\/wp-content\/uploads\/2023\/02\/Projekt-bez-tytulu-2.jpg 1587w\" sizes=\"auto, (max-width: 434px) 100vw, 434px\" \/><figcaption>Oficjalny plakat promuj\u0105cy WML w St Genis-Pouilly<\/figcaption><\/figure><\/div>\n\n\n\n<p><strong>Dla kogo s\u0105 WML?<\/strong><\/p>\n\n\n\n<p>Na warsztaty zapraszamy wszystkie osoby lubi\u0105ce \u015bpiewa\u0107 (nie trzeba czyta\u0107 nut): zar\u00f3wno osoby doros\u0142e jak i dzieci (od 5-6 lat).<\/p>\n\n\n\n<p>R\u00f3wnie serdecznie zapraszamy tych, kt\u00f3rzy potrafi\u0105 gra\u0107 na instrumentach muzycznych.<\/p>\n\n\n\n<p>W Warsztatach uczestnicz\u0105 osoby z okolic Saint-Genis-Pouilly, Genewy; Szwajcarii, Polski i Francji.<\/p>\n\n\n\n<p><strong>Kiedy?<\/strong><\/p>\n\n\n\n<p>W tym roku WML odb\u0119d\u0105 si\u0119 w dniach 6-7 maja 2023 roku!<\/p>\n\n\n\n<p class=\"has-text-align-left\"><strong>Miejsce<\/strong><\/p>\n\n\n\n<p>Saint-Genis-Pouilly to miasteczko po francuskiej stronie granicy ze Szwajcari\u0105 na przedmie\u015bciach Genewy, u podn\u00f3\u017cy masywu g\u00f3rskiego Jura.<\/p>\n\n\n\n<p>G\u0142\u00f3wnym miejscem, gdzie odbywa\u0107 si\u0119 b\u0119d\u0105 Warsztaty b\u0119dzie sala &#8222;La Calame&#8221; w miejscowo\u015bci Sergy, natomiast niedzielna, uroczysta Msza \u015awi\u0119ta odb\u0119dzie si\u0119 w ko\u015bciele parafialnym p.w. \u015bw Piotra w Pouilly (<em>25 Rue de l&#8217;Eglise, 01630 Pouilly<\/em>) o godzinie 18:00. <\/p>\n\n\n\n<p>Dojazd z Genewy zar\u00f3wno do Sergy jak i Saint-Genis-Pouilly mo\u017cliwy jest transportem publicznym.<\/p>\n\n\n\n<div class=\"wp-block-image\"><figure class=\"aligncenter size-full is-resized\"><img loading=\"lazy\" decoding=\"async\" src=\"https:\/\/polskamisja.fr\/wp-content\/uploads\/2023\/02\/w-m-l-4.jpg\" alt=\"\" class=\"wp-image-1101\" width=\"182\" height=\"182\" srcset=\"https:\/\/polskamisja.fr\/wp-content\/uploads\/2023\/02\/w-m-l-4.jpg 500w, https:\/\/polskamisja.fr\/wp-content\/uploads\/2023\/02\/w-m-l-4-300x300.jpg 300w, https:\/\/polskamisja.fr\/wp-content\/uploads\/2023\/02\/w-m-l-4-150x150.jpg 150w, https:\/\/polskamisja.fr\/wp-content\/uploads\/2023\/02\/w-m-l-4-100x100.jpg 100w\" sizes=\"auto, (max-width: 182px) 100vw, 182px\" \/><\/figure><\/div>\n","protected":false},"excerpt":{"rendered":"<p>Warsztaty Muzyki Liturgicznej maj\u0105 na celu zgromadzenie pasjonat\u00f3w muzyki, amator\u00f3w oraz os\u00f3b z do\u015bwiadczeniem, wok\u00f3\u0142 warto\u015bciowego materia\u0142u muzycznego zakorzenionego w to\u017csamo\u015bci i kulturze uczestnik\u00f3w. Warsztaty Muzyki Liturgicznej to doskonalenie techniki &hellip; <\/p>\n<p class=\"link-more\"><a href=\"https:\/\/polskamisja.fr\/index.php\/informacje-podstawowe\/\" class=\"more-link\">Czytaj dalej<span class=\"screen-reader-text\"> \u201eInformacje podstawowe\u201d<\/span><\/a><\/p>\n","protected":false},"author":5,"featured_media":0,"parent":0,"menu_order":0,"comment_status":"closed","ping_status":"closed","template":"","meta":{"footnotes":""},"class_list":["post-1023","page","type-page","status-publish","hentry"],"_links":{"self":[{"href":"https:\/\/polskamisja.fr\/index.php\/wp-json\/wp\/v2\/pages\/1023","targetHints":{"allow":["GET"]}}],"collection":[{"href":"https:\/\/polskamisja.fr\/index.php\/wp-json\/wp\/v2\/pages"}],"about":[{"href":"https:\/\/polskamisja.fr\/index.php\/wp-json\/wp\/v2\/types\/page"}],"author":[{"embeddable":true,"href":"https:\/\/polskamisja.fr\/index.php\/wp-json\/wp\/v2\/users\/5"}],"replies":[{"embeddable":true,"href":"https:\/\/polskamisja.fr\/index.php\/wp-json\/wp\/v2\/comments?post=1023"}],"version-history":[{"count":12,"href":"https:\/\/polskamisja.fr\/index.php\/wp-json\/wp\/v2\/pages\/1023\/revisions"}],"predecessor-version":[{"id":1117,"href":"https:\/\/polskamisja.fr\/index.php\/wp-json\/wp\/v2\/pages\/1023\/revisions\/1117"}],"wp:attachment":[{"href":"https:\/\/polskamisja.fr\/index.php\/wp-json\/wp\/v2\/media?parent=1023"}],"curies":[{"name":"wp","href":"https:\/\/api.w.org\/{rel}","templated":true}]}}